{"id":5,"date":"2020-12-19T18:05:25","date_gmt":"2020-12-19T18:05:25","guid":{"rendered":"https:\/\/junge-erwachsene.kirchreinhild.zora.hostkraft.de\/?page_id=5"},"modified":"2021-01-01T17:34:14","modified_gmt":"2021-01-01T17:34:14","slug":"topics-themen-fragebogen","status":"publish","type":"page","link":"https:\/\/junge-erwachsene.kirchreinhild.zora.hostkraft.de\/?page_id=5","title":{"rendered":"Themen Fragebogen"},"content":{"rendered":"\n<p><strong>Fragebogen in deutscher Sprache<\/strong><\/p>\n\n\n\n<p><a href=\"https:\/\/junge-erwachsene.kirchreinhild.zora.hostkraft.de\/?page_id=11\" data-type=\"page\" data-id=\"11\">To the english version of this questionaire<\/a><\/p>\n\n\n\n<div class=\"wp-block-contact-form-7-contact-form-selector\"><div role=\"form\" class=\"wpcf7\" id=\"wpcf7-f16-o1\" lang=\"de-DE\" dir=\"ltr\">\n<div class=\"screen-reader-response\"><p role=\"status\" aria-live=\"polite\" aria-atomic=\"true\"><\/p> <ul><\/ul><\/div>\n<form action=\"\/index.php?rest_route=%2Fwp%2Fv2%2Fpages%2F5#wpcf7-f16-o1\" method=\"post\" class=\"wpcf7-form init\" novalidate=\"novalidate\" data-status=\"init\">\n<div style=\"display: none;\">\n<input type=\"hidden\" name=\"_wpcf7\" value=\"16\" \/>\n<input type=\"hidden\" name=\"_wpcf7_version\" value=\"5.4.1\" \/>\n<input type=\"hidden\" name=\"_wpcf7_locale\" value=\"de_DE\" \/>\n<input type=\"hidden\" name=\"_wpcf7_unit_tag\" value=\"wpcf7-f16-o1\" \/>\n<input type=\"hidden\" name=\"_wpcf7_container_post\" value=\"0\" \/>\n<input type=\"hidden\" name=\"_wpcf7_posted_data_hash\" value=\"\" \/>\n<\/div>\n<p><label> Welche Themen interessieren dich?<\/label><\/p>\n<style>\nspan.wpcf7-list-item { display: block !important;}\n.checkbox-7 span.wpcf7-list-item:nth-of-type(4), span.wpcf7-list-item:nth-of-type(7), span.wpcf7-list-item:nth-of-type(11), span.wpcf7-list-item:nth-of-type(15) \n  {\n    padding-bottom: 12px;\n  }\n.checkbox-7 span.wpcf7-list-item:nth-of-type(4)::after, \n.checkbox-7 span.wpcf7-list-item:nth-of-type(7)::after, \n.checkbox-7 span.wpcf7-list-item:nth-of-type(11)::after, \n.checkbox-7 span.wpcf7-list-item:nth-of-type(15)::after \n  { display: block; font-weight: bold; padding-top: 10px;}\n.checkbox-7 span.wpcf7-list-item:nth-of-type(1)::before {\n    content: '1. Wachstum im Glauben'; display: block; font-weight: bold; padding-bottom: 12px;\n}\n.checkbox-7 span.wpcf7-list-item:nth-of-type(4)::after {\n    content: '2. Interaktion mit Menschen';\n}\n.checkbox-7 span.wpcf7-list-item:nth-of-type(7)::after {\n    content: '3. Kultur- und gesellschaftsbezogene Themen';\n}\n.checkbox-7 span.wpcf7-list-item:nth-of-type(11)::after {\n    content: '4. Allt\u00e4gliche Themen';\n}\n.checkbox-7 span.wpcf7-list-item:nth-of-type(15)::after {\n    content: '5. Biographien und Bibelstellen';\n}\n<\/style>\n<p><span class=\"wpcf7-form-control-wrap checkbox-7\"><span class=\"wpcf7-form-control wpcf7-checkbox\"><span class=\"wpcf7-list-item first\"><label><input type=\"checkbox\" name=\"checkbox-7[]\" value=\"Ein erf\u00fclltes Leben, wenn man noch alleine ist: Ein Leben f\u00fcr Gott und andere Menschen (1. Kor. 7)\" \/><span class=\"wpcf7-list-item-label\">Ein erf\u00fclltes Leben, wenn man noch alleine ist: Ein Leben f\u00fcr Gott und andere Menschen (1. Kor. 7)<\/span><\/label><\/span><span class=\"wpcf7-list-item\"><label><input type=\"checkbox\" name=\"checkbox-7[]\" value=\"Berufung vs. Gestaltung des eigenen Lebens, Freude und Umgang mit schwierigen Situationen im Dienst\" \/><span class=\"wpcf7-list-item-label\">Berufung vs. Gestaltung des eigenen Lebens, Freude und Umgang mit schwierigen Situationen im Dienst<\/span><\/label><\/span><span class=\"wpcf7-list-item\"><label><input type=\"checkbox\" name=\"checkbox-7[]\" value=\"Leben nach Gottes Willen: an dem Weg und sich selbst zweifeln vs. auf Gottes F\u00fchrung vertrauen\" \/><span class=\"wpcf7-list-item-label\">Leben nach Gottes Willen: an dem Weg und sich selbst zweifeln vs. auf Gottes F\u00fchrung vertrauen<\/span><\/label><\/span><span class=\"wpcf7-list-item\"><label><input type=\"checkbox\" name=\"checkbox-7[]\" value=\"Gottes Timing\" \/><span class=\"wpcf7-list-item-label\">Gottes Timing<\/span><\/label><\/span><span class=\"wpcf7-list-item\"><label><input type=\"checkbox\" name=\"checkbox-7[]\" value=\"Leben als Christ in einer Welt voller Rebellen und &#039;Ich&#039;-bezogenen Menschen\" \/><span class=\"wpcf7-list-item-label\">Leben als Christ in einer Welt voller Rebellen und &#039;Ich&#039;-bezogenen Menschen<\/span><\/label><\/span><span class=\"wpcf7-list-item\"><label><input type=\"checkbox\" name=\"checkbox-7[]\" value=\"Von den Menschen abgelehnt werden\" \/><span class=\"wpcf7-list-item-label\">Von den Menschen abgelehnt werden<\/span><\/label><\/span><span class=\"wpcf7-list-item\"><label><input type=\"checkbox\" name=\"checkbox-7[]\" value=\"Freiheit und Liebe in GOTT vs. Suche nach Anerkennung von Menschen\" \/><span class=\"wpcf7-list-item-label\">Freiheit und Liebe in GOTT vs. Suche nach Anerkennung von Menschen<\/span><\/label><\/span><span class=\"wpcf7-list-item\"><label><input type=\"checkbox\" name=\"checkbox-7[]\" value=\"Umgang mit Tod und Trauer, Unterschiede in den verschiedenen Kulturen\" \/><span class=\"wpcf7-list-item-label\">Umgang mit Tod und Trauer, Unterschiede in den verschiedenen Kulturen<\/span><\/label><\/span><span class=\"wpcf7-list-item\"><label><input type=\"checkbox\" name=\"checkbox-7[]\" value=\"Tabuthemen in den verschiedenen Kulturen\" \/><span class=\"wpcf7-list-item-label\">Tabuthemen in den verschiedenen Kulturen<\/span><\/label><\/span><span class=\"wpcf7-list-item\"><label><input type=\"checkbox\" name=\"checkbox-7[]\" value=\"Leben in Vielf\u00e4ltigkeit: Rassismus, Sexismus und Politische Korrektheit\" \/><span class=\"wpcf7-list-item-label\">Leben in Vielf\u00e4ltigkeit: Rassismus, Sexismus und Politische Korrektheit<\/span><\/label><\/span><span class=\"wpcf7-list-item\"><label><input type=\"checkbox\" name=\"checkbox-7[]\" value=\"Respektvoller Umgang mit unterschiedlichen Sichtweisen der Menschen von Gott und der Welt\" \/><span class=\"wpcf7-list-item-label\">Respektvoller Umgang mit unterschiedlichen Sichtweisen der Menschen von Gott und der Welt<\/span><\/label><\/span><span class=\"wpcf7-list-item\"><label><input type=\"checkbox\" name=\"checkbox-7[]\" value=\"Bundestagswahl 2021 und Wahl des\/der neuen Bundeskanzer\/in? \u2013 Gebet f\u00fcr F\u00fchrungskr\u00e4fte und Regierung\" \/><span class=\"wpcf7-list-item-label\">Bundestagswahl 2021 und Wahl des\/der neuen Bundeskanzer\/in? \u2013 Gebet f\u00fcr F\u00fchrungskr\u00e4fte und Regierung<\/span><\/label><\/span><span class=\"wpcf7-list-item\"><label><input type=\"checkbox\" name=\"checkbox-7[]\" value=\"Impfung und Glauben\" \/><span class=\"wpcf7-list-item-label\">Impfung und Glauben<\/span><\/label><\/span><span class=\"wpcf7-list-item\"><label><input type=\"checkbox\" name=\"checkbox-7[]\" value=\"Finanzen und Glauben\" \/><span class=\"wpcf7-list-item-label\">Finanzen und Glauben<\/span><\/label><\/span><span class=\"wpcf7-list-item\"><label><input type=\"checkbox\" name=\"checkbox-7[]\" value=\"Umgang mit Druck und Stress\" \/><span class=\"wpcf7-list-item-label\">Umgang mit Druck und Stress<\/span><\/label><\/span><span class=\"wpcf7-list-item\"><label><input type=\"checkbox\" name=\"checkbox-7[]\" value=\"Biografie von Dietrich Bonhoeffer: Leben eines deutschen Pastors im Widerstand im zweiten Weltkrieg (U. A.: Kompromissloses Leben f\u00fcr Gott, Beteiligung an der Vorbereitung eines Attentats auf Hitler, Im Gef\u00e4ngnis Hoffnung und St\u00e4rke f\u00fcr andere, Autor des Liedes &#039;Von guten M\u00e4chten wunderbar geborgen&#039;, Verfolgt und gestorben f\u00fcr den Glauben)\" \/><span class=\"wpcf7-list-item-label\">Biografie von Dietrich Bonhoeffer: Leben eines deutschen Pastors im Widerstand im zweiten Weltkrieg (U. A.: Kompromissloses Leben f\u00fcr Gott, Beteiligung an der Vorbereitung eines Attentats auf Hitler, Im Gef\u00e4ngnis Hoffnung und St\u00e4rke f\u00fcr andere, Autor des Liedes &#039;Von guten M\u00e4chten wunderbar geborgen&#039;, Verfolgt und gestorben f\u00fcr den Glauben)<\/span><\/label><\/span><span class=\"wpcf7-list-item last\"><label><input type=\"checkbox\" name=\"checkbox-7[]\" value=\"Fragen zu bestimmten Bibelstellen (von diesen Fragen k\u00f6nnen sich auch Themen f\u00fcr unsere Treffen ergeben):\" \/><span class=\"wpcf7-list-item-label\">Fragen zu bestimmten Bibelstellen (von diesen Fragen k\u00f6nnen sich auch Themen f\u00fcr unsere Treffen ergeben):<\/span><\/label><\/span><\/span><\/span> <br \/>\nBibelstelle 1: <span class=\"wpcf7-form-control-wrap bibelstelle-1\"><input type=\"text\" name=\"bibelstelle-1\" value=\"\" size=\"40\" class=\"wpcf7-form-control wpcf7-text\" aria-invalid=\"false\" \/><\/span> <br \/>\nBibelstelle 2: <span class=\"wpcf7-form-control-wrap bibelstelle-2\"><input type=\"text\" name=\"bibelstelle-2\" value=\"\" size=\"40\" class=\"wpcf7-form-control wpcf7-text\" aria-invalid=\"false\" \/><\/span> <br \/>\nBibelstelle 3: <span class=\"wpcf7-form-control-wrap bibelstelle-3\"><input type=\"text\" name=\"bibelstelle-3\" value=\"\" size=\"40\" class=\"wpcf7-form-control wpcf7-text\" aria-invalid=\"false\" \/><\/span> <br \/>\nBibelstelle 4: <span class=\"wpcf7-form-control-wrap bibelstelle-4\"><input type=\"text\" name=\"bibelstelle-4\" value=\"\" size=\"40\" class=\"wpcf7-form-control wpcf7-text\" aria-invalid=\"false\" \/><\/span> <br \/>\nBibelstelle 5: <span class=\"wpcf7-form-control-wrap bibelstelle-5\"><input type=\"text\" name=\"bibelstelle-5\" value=\"\" size=\"40\" class=\"wpcf7-form-control wpcf7-text\" aria-invalid=\"false\" \/><\/span> <\/p>\n<p><label> Passt f\u00fcr dich die Zeit am Dienstag-Abend, Beginn um 19:30?<\/label><br \/>\n<span class=\"wpcf7-form-control-wrap checkbox-781\"><span class=\"wpcf7-form-control wpcf7-checkbox wpcf7-exclusive-checkbox\"><span class=\"wpcf7-list-item first\"><label><input type=\"checkbox\" name=\"checkbox-781\" value=\"Ja\" \/><span class=\"wpcf7-list-item-label\">Ja<\/span><\/label><\/span><span class=\"wpcf7-list-item last\"><label><input type=\"checkbox\" name=\"checkbox-781\" value=\"Nein\" \/><span class=\"wpcf7-list-item-label\">Nein<\/span><\/label><\/span><\/span><\/span><\/p>\n<p><label> Ich m\u00f6chte einen Vorschlag f\u00fcr einen anderen Tag\/eine andere Uhrzeit machen:<br \/>\n    <span class=\"wpcf7-form-control-wrap uhrzeit-vorschlag\"><input type=\"text\" name=\"uhrzeit-vorschlag\" value=\"\" size=\"40\" class=\"wpcf7-form-control wpcf7-text\" aria-invalid=\"false\" \/><\/span> <\/label><\/p>\n<p><label> Weitere Vorschl\u00e4ge\/W\u00fcnsche f\u00fcr Themen:<br \/>\n    <span class=\"wpcf7-form-control-wrap themen\"><textarea name=\"themen\" cols=\"40\" rows=\"10\" class=\"wpcf7-form-control wpcf7-textarea\" aria-invalid=\"false\"><\/textarea><\/span> <\/label><\/p>\n<p>W\u00fcrdest du gerne noch andere Dinge mit der Gruppe unternehmen, wie z.B. Wanderungen oder einen Spiele-Nachmittag?<br \/>\n<span class=\"wpcf7-form-control-wrap checkbox-258\"><span class=\"wpcf7-form-control wpcf7-checkbox wpcf7-exclusive-checkbox\"><span class=\"wpcf7-list-item first\"><label><input type=\"checkbox\" name=\"checkbox-258\" value=\"Ja\" \/><span class=\"wpcf7-list-item-label\">Ja<\/span><\/label><\/span><span class=\"wpcf7-list-item last\"><label><input type=\"checkbox\" name=\"checkbox-258\" value=\"Nein\" \/><span class=\"wpcf7-list-item-label\">Nein<\/span><\/label><\/span><\/span><\/span><\/p>\n<p><label>Weitere Vorschl\u00e4ge f\u00fcr Aktivit\u00e4ten:<br \/>\n    <span class=\"wpcf7-form-control-wrap aktivitaeten_vorschlaege\"><textarea name=\"aktivitaeten_vorschlaege\" cols=\"40\" rows=\"10\" class=\"wpcf7-form-control wpcf7-textarea\" aria-invalid=\"false\"><\/textarea><\/span> <\/label><\/p>\n<p><label> Dein Name (freiwillig!)<br \/>\n    <span class=\"wpcf7-form-control-wrap your-name-1\"><input type=\"text\" name=\"your-name-1\" value=\"\" size=\"40\" class=\"wpcf7-form-control wpcf7-text\" aria-invalid=\"false\" \/><\/span> <\/label><br \/>\n<input type=\"submit\" value=\"Senden\" class=\"wpcf7-form-control wpcf7-submit\" \/><\/p>\n<div class=\"wpcf7-response-output\" aria-hidden=\"true\"><\/div><\/form><\/div><\/div>\n","protected":false},"excerpt":{"rendered":"<p>Fragebogen in deutscher Sprache To the english version of this questionaire<\/p>\n","protected":false},"author":1,"featured_media":0,"parent":0,"menu_order":0,"comment_status":"closed","ping_status":"closed","template":"page-templates\/full-width.php","meta":[],"_links":{"self":[{"href":"https:\/\/junge-erwachsene.kirchreinhild.zora.hostkraft.de\/index.php?rest_route=\/wp\/v2\/pages\/5"}],"collection":[{"href":"https:\/\/junge-erwachsene.kirchreinhild.zora.hostkraft.de\/index.php?rest_route=\/wp\/v2\/pages"}],"about":[{"href":"https:\/\/junge-erwachsene.kirchreinhild.zora.hostkraft.de\/index.php?rest_route=\/wp\/v2\/types\/page"}],"author":[{"embeddable":true,"href":"https:\/\/junge-erwachsene.kirchreinhild.zora.hostkraft.de\/index.php?rest_route=\/wp\/v2\/users\/1"}],"replies":[{"embeddable":true,"href":"https:\/\/junge-erwachsene.kirchreinhild.zora.hostkraft.de\/index.php?rest_route=%2Fwp%2Fv2%2Fcomments&post=5"}],"version-history":[{"count":4,"href":"https:\/\/junge-erwachsene.kirchreinhild.zora.hostkraft.de\/index.php?rest_route=\/wp\/v2\/pages\/5\/revisions"}],"predecessor-version":[{"id":17,"href":"https:\/\/junge-erwachsene.kirchreinhild.zora.hostkraft.de\/index.php?rest_route=\/wp\/v2\/pages\/5\/revisions\/17"}],"wp:attachment":[{"href":"https:\/\/junge-erwachsene.kirchreinhild.zora.hostkraft.de\/index.php?rest_route=%2Fwp%2Fv2%2Fmedia&parent=5"}],"curies":[{"name":"wp","href":"https:\/\/api.w.org\/{rel}","templated":true}]}}